{"id":5759,"date":"2023-10-20T11:17:30","date_gmt":"2023-10-20T09:17:30","guid":{"rendered":"https:\/\/dev.lasemaineduson.be\/?page_id=5759"},"modified":"2026-03-17T13:51:24","modified_gmt":"2026-03-17T12:51:24","slug":"son-oor","status":"publish","type":"page","link":"https:\/\/www.lasemaineduson.be\/nl\/son-oor\/","title":{"rendered":"La Semaine du Son.Oor"},"content":{"rendered":"\t\t<div data-elementor-type=\"wp-page\" data-elementor-id=\"5759\" class=\"elementor elementor-5759 elementor-2270\" data-elementor-post-type=\"page\">\n\t\t\t\t<div class=\"elementor-element elementor-element-7606e76 e-flex e-con-boxed e-con e-parent\" data-id=\"7606e76\" data-element_type=\"container\" data-e-type=\"container\">\n\t\t\t\t\t<div class=\"e-con-inner\">\n\t\t<div class=\"elementor-element elementor-element-b8927dc e-con-full e-flex e-con e-child\" data-id=\"b8927dc\" data-element_type=\"container\" data-e-type=\"container\">\n\t\t\t\t<\/div>\n\t\t<div class=\"elementor-element elementor-element-15925bb e-con-full e-flex e-con e-child\" data-id=\"15925bb\" data-element_type=\"container\" data-e-type=\"container\">\n\t\t\t\t<div class=\"elementor-element elementor-element-b1e7023 elementor-widget elementor-widget-image\" data-id=\"b1e7023\" data-element_type=\"widget\" data-e-type=\"widget\" data-widget_type=\"image.default\">\n\t\t\t\t<div class=\"elementor-widget-container\">\n\t\t\t\t\t\t\t\t\t\t\t\t\t\t\t<img decoding=\"async\" width=\"150\" height=\"150\" src=\"https:\/\/www.lasemaineduson.be\/wp-content\/uploads\/2023\/11\/SDS-logo-150x150.jpg\" class=\"attachment-thumbnail size-thumbnail wp-image-6267\" alt=\"\" \/>\t\t\t\t\t\t\t\t\t\t\t\t\t\t\t<\/div>\n\t\t\t\t<\/div>\n\t\t\t\t<div class=\"elementor-element elementor-element-346f192 elementor-widget elementor-widget-text-editor\" data-id=\"346f192\" data-element_type=\"widget\" data-e-type=\"widget\" data-widget_type=\"text-editor.default\">\n\t\t\t\t<div class=\"elementor-widget-container\">\n\t\t\t\t\t\t\t\t\t<h5><b>LA SEMAINE DU SON \/ DE WEEK VAN DE KLANK<\/b><\/h5><h4><b><\/b><b>~<\/b><\/h4><p>Sinds 2011 stelt de Week van de Klank elk jaar een reeks evenementen voor die draaien rond klank en geluid, een \u201conzichtbaar\u201d maar wezenlijk onderdeel van ons leven. Het doel is het publiek een betere kennis van geluid bij te brengen en alle betrokkenen in de maatschappij te doen inzien hoe belangrijk een geluidsomgeving is. De Week van de Klank wordt gedurende \u00e9\u00e9n week georganiseerd in Brussel, en de week daarop vindt ze plaats op verschillende locaties in Vlaanderen en Walloni\u00eb. Elk jaar vormt ze een belangrijk ontmoetingsmoment voor artiesten, onderzoekers en publiek van over het hele land alsook op internationaal niveau.<\/p><p>De activiteiten gaan van <strong>lezingen, workshops, concerten, performances, luistersessies, klankinstallaties, geluidswandelingen, tot filmvoorstellingen<\/strong> en richten zich tot een <strong>ruim publiek<\/strong>. Het participatieve aspect is een prioriteit en mikt op de deelname van zoveel mogelijk mensen. De toegang tot alle activiteiten is dan ook <strong>gratis<\/strong>.<\/p><p>Op verschillende bekende en minder gekende locaties, gaande van klassieke concertzalen en museumzalen tot literaire plekken of locaties voor experimentele geluidskunst, zowel in de priv\u00e9sfeer als in de openbare ruimte, worden tal van activiteiten georganiseerd, die per editie een nieuw thema elk op een eigen manier belichten en uitdiepen. Het publiek krijgt tijdens de activiteiten steeds de kans om met artiesten<strong> in gesprek te gaan<\/strong>, <strong>zelf deel te nemen<\/strong> aan interactieve installaties en performances, of via begeleide workshops en geluidswandelingen. Ook de allerkleinsten kunnen onder artistieke begeleiding kennismaken met diverse geluidspraktijken en zich op speelse manier creatief uitdrukken tijdens familiale workshops.<span class=\"Apple-converted-space\"> <\/span><\/p><p>Alle evenementen van de Week van de Klank worden transversaal aangepakt, met een open, informatieve en didactische reflectie op vier gebieden: <b>cultuur\/klankcreaties, geluids- verspreiding, geluid in de leefomgeving, en gehoorgezondheid<\/b>.<\/p><h4> <\/h4><h5>MISSIE<\/h5><h4><b>~<\/b><\/h4><p>De Week van de Klank wil meer zijn dan een festival. Het is een <strong>maatschappelijk gebeuren<\/strong> dat verwondering, weerstand, hoop en verwachting op het gebied van geluid opwekt. Om een grotere impact te verwerven op het bewustzijn van de voor- en nadelen van geluiden in de omgeving, bestaat de taak van de Week van de Klank erin een ruim publiek in contact te brengen met het werk van geluidskunstenaars, -onderzoekers en \u2013technici, stadsverantwoordelijken \u00e9n met hoorspecialisten. Deze fundamentele en gedegen aanpak moet iedereen ertoe aanzetten zijn persoonlijke <strong>geluidsomgeving<\/strong> te verbeteren en veel <strong>kritischer<\/strong> te staan tegenover wat men hoort, zodat men er ook op een andere manier mee kan omgaan.<\/p><p>Het is de bedoeling om ook niet-ingewijden te betrekken bij bepaalde kunstaspecten en klankproblemen (gehoorgezondheid, luisterkwaliteit,\u2026) en met verschillende deelnemers na te denken over de geluidsomgeving in de brede betekenis van het woord, en in debat te treden over de kwaliteit ervan.<\/p><p>De Week van de Klank besteedt dus elk jaar aandacht aan maatschappelijke dimensies (lawaai op school, op het werk, in openbare ruimtes\u2026), maar ook aan de geluidsomgeving in zijn culturele dimensies. <strong>Field recording<\/strong> bijvoorbeeld heeft zowel met de leefomgeving als met geluidskunst te maken; het ligt op de kruising van kunst en creatie, en een breder maatschappelijk bewustzijn. Mensen ontdekken een (stads)omgeving en de dagdagelijkse aanwezige geluiden, en verwerken die in een geluidscreatie die op haar beurt door anderen kan worden beluisterd. Elk jaar organiseert de Week van de Klank een wedstrijd voor de beste field recording, in Brussel of daarbuiten. Tijdens activiteiten toegespitst op het luisteren ontdekt het publiek tegelijk de openbare ruimte (een park, een groene wandeling, \u2026) maar ook originele klankkunst (auteurs die speciaal voor de week van de klank een nieuwe tekst schrijven voor een specifieke plaats, getuigenissen of verhalen,\u2026).<\/p><p>Vanaf de eerste editie steunt de Week van de Klank<strong> artistiek werk en geluidscreaties buiten de gekende circuits van festivals en concerten<\/strong>. Er is plaats voor <strong>experiment en<\/strong> <strong>\u201cwork in progress\u201d<\/strong>, en er wordt meermaals <strong>\u201ccarte blanche\u201d<\/strong> gegeven aan kunstenaars die een echte uitwisseling met het publiek bevorderen. Dwz, wij zorgen ervoor dat zij parallel aan hun werk, een workshop organiseren of hun creatieve werk en inspiratiebronnen bespreken en delen met het publiek. Het publiek ontmoet zo onder meer geluidsdeskundigen, muzikanten, en (geluids)artiesten die bereid zijn om in discussie te gaan met het publiek en te spreken over hun werk als bijvoorbeeld componist of geluidsingenieur. Daarnaast vinden veel \u2018ontdekking-workshops\u2019 plaats die verband houden met de stem, met muziekinstrumenten, geluidsopname, muziekcompositie en -opname (samenstelling van opgenomen geluiden \u2013 tablet)\u2026 voor een niet altijd ingewijd, maar wel breed publiek \u2013 een bijzondere manier om een divers publiek te betrekken binnen het domein van de geluidskunst.<\/p><h4> <\/h4><h5>ONTSTAAN<\/h5><h4>~<\/h4><p><em>Het project van de Week van de Klank ontstond een tiental jaren geleden in Parijs, op initiatief van de Franse akoestische ingenieur Christian Hugonnet, om een zo breed mogelijk publiek te betrekken bij vragen rond klank en geluid, die anders uitsluitend in het milieu van professionelen besloten bleven. Inmiddels vindt \u201cLa Semaine du Son\u201d plaats in verschillende landen van over de hele wereld. De naam is beschermd en de leden ondertekenen een gemeenschappelijk handvest, maar vervolgens kan elke partner het eigen programma volledig autonoom invullen. Sinds 25 oktober 2019 staat de Week van de Klank, bij besluit van de Raad van Bestuur van de UNESCO, ook onder de auspici\u00ebn van de <b>UNESCO<\/b>.<span class=\"Apple-converted-space\"> <\/span>De vzw. Halolalune Production is sinds 2011 de dragende structuur achter De Week van de Klank in Belgi\u00eb.<\/em><\/p><h4> <\/h4><h5>LOCATIES<\/h5><h4><b>~<\/b><\/h4><p>De Week van de Klank vindt elk jaar plaats op een groot aantal verschillende locaties binnen en buiten Brussel, waardoor artiesten en onderzoekers een nieuw publiek kunnen bereiken. Onze partnerschappen met zowel de Franstalige als de Nederlandstalige scene en gemeenschap zorgen ervoor dat het publiek nieuwe culturele plekken kan ontdekken en ook kennismaakt met hun programmatie buiten De Week van de Klank. Sinds de eerste editie heeft De Week van de Klank samen met verschillende locaties en organisaties in heel Belgi\u00eb een stevig netwerk van onthalende partners opgebouwd, waaronder:<\/p><p><i>De <em>Koninklijke Academie voor Schone Kunsten<\/em> van <em>Brussel<\/em> \/ Academie van Anderlecht \/ Aifoon \/ L\u2019Alba (Charleroi) \/ Bevolkingsdienst Anderlecht \/ Antenne Scheut \/ Antwerpen Centraal \/ L\u2019Atelier de Cr\u00e9ation Sonore et Radiophonique (ACSR) \/ Les Ateliers Claus \/ Les Ateliers Mommen \/ Auditorium Abel Dubois (Bergen) \/ Autonomie \/ Axoso \/ La Bellone \/ Boer Maarten (Attenrode) \/ Bibliotheek Sint-Guido \/ Het Bos (Antwerpen) \/ BOTANIQUE \/ Le Bouffon du roi (Namen) \/ Bouvignes-sur-Meuse \/ BOZAR \/ Le Br@ss \/ Brucity (Administratief Centrum van de Stad Brussel) \/ Brussel Leefmilieu \/ Bruxelles nous appartient \u2013 Brussel Behoort Ons Toe \/ Station Brussel-West \/ <\/i><i>Caravan S\u00e9rail \/ Cellule 133A \/ Centrissime (La Louvi\u00e8re) \/ CENTRALE \/ Cultureel Centrum van Vorst \/ Cultureel Centrum Jacques Franck \/ CCN \u2013 Les Abattoirs de Bomel (Namen) \/ Cultureel Centrum Riches Claires \/ Centre P\u00e9rou \/ Ch\u00e2teau Nour \/ Chez Lisa \/ Chez mon ex \/ CINEMATEK \/ Cinema Arenberg \u2013 Galeries \/ Cinema Nova \/ Cinema PALACE \/ Cinema Styx \/ Cinema Vend\u00f4me \/ Le Cirque Royal \/ Coin du Balai \/ Confluent des savoirs (Namen) \/ Le CRACC \/ Cultureghem Abattoirs \/ LE DELTA (Namen) \/ Eglise Saint-Loup (Namen) \/ Empreintes \/ Erasmushuis \/ L\u2019Espace Bien-\u00catre \/ L\u2019Espace Car\u00eame \/ L\u2019espace du Nord \/ Faculteit Architectuur La Cambre Horta (ULB) \/ FLAGEY \/ Flageyplein \/ La Fourmili\u00e8re \/ <em>FUCaM <\/em>(Bergen) \/ La Galerie de l\u2019ERG \/ Het Geluidshuis \/ Sint-Gorikshallen \/ Gotische Zaal van het Stadhuis van Brussel \/ Hors Format \/ l\u2019IHECS \/ iMAL \/ L\u2019INSAS-Audiovisuel \/ L\u2019INSAS-Th\u00e9\u00e2tre \/ Kunstencentrum l\u2019ISELP \/ Kapel Romaanse Poort \/ Kiosk Koninklijk Park \/ Klankenbos (Neerpelt) \/ La Librairie Tropismes \/ Le Magic Mirrors \/ La Maison des Arts de Schaerbeek \/ Maison Po\u00e8me \/ Het Gemeenschapscentrum Maritiem <strong>\/ <\/strong>GC De Markten \/ Le Micro March\u00e9 \/ Middelheimmuseum (Antwerpen) \/ MIVB Metrostations \/ Mixtape Factory \/ Mont\u00e9n\u00e9gro Lab \/ De Munt \/ Muntpunt \/ Museum voor Schone Kunsten (Doornik) \/ MUSEF (Moeskroen) \/ Museum Arts et Marges \/ Bureau voor Toerisme (Morlanwelz) \/ Muziekinstrumentenmuseum \/  Overtoon \/ Parc Duden \/ Parc du Petit Sablon \/ La Patinoire \/ PILAR (VUB) \/ PointCulture Brussel \/ Le Pok \/ Projection Room \/ QUAI 22 (Namen) \/ Q-O2 \/ DE RINCK \/ Riolenmuseum \/ RITCS \/ Le Rockerill (Charleroi) \/ L\u2019Espace Senghor \/ Servatiuskerk (Groot-Loon) \/ SIMA \/ La Station des r\u00eaveurs \/ Studio Dada \/ Studio l\u2019Equipe \/ Studio Fly \/ Studio Joris Verdin (Kessel-Lo) \/ Le Studio Thor \/ La Tentation \/ Le Th\u00e9\u00e2tre de Poche \/ Le Th\u00e9\u00e2tre Varia \/ Tours &#038; Taxis \/ Tuinwijken Le Logis en Floreal \/ L\u2019uZinne \/ La Vall\u00e9e \/ Werkplaats Walter \/ Yiap \/ Zinnema \/ Z33 (Hasselt)<\/i><\/p><h4> <\/h4><h5>OPEN CALL EN WEDSTRIJDEN<\/h5><h4><b>~ <\/b><\/h4><p>Elk jaar organiseert de Week van de Klank een open oproep voor projecten rond het gekozen thema om het programma voor de komende editie te verrijken, alsook wedstrijden Field Recording en\/of Soundtrack bij een stille film. Blijf hiervan op de hoogte via onze <a href=\"http:\/\/lasemaineduson.be\/\">website<\/a>, <a href=\"https:\/\/www.facebook.com\/sdswvdk\/\" target=\"_blank\" rel=\"noopener\">facebookpagina<\/a>, <a href=\"https:\/\/www.instagram.com\/lasemaineduson.be\/\">instagram<\/a> of newsletter!<\/p>\t\t\t\t\t\t\t\t<\/div>\n\t\t\t\t<\/div>\n\t\t\t\t<\/div>\n\t\t<div class=\"elementor-element elementor-element-dc40aeb e-con-full e-flex e-con e-child\" data-id=\"dc40aeb\" data-element_type=\"container\" data-e-type=\"container\">\n\t\t\t\t<\/div>\n\t\t\t\t\t<\/div>\n\t\t\t\t<\/div>\n\t\t\t\t<\/div>\n\t\t","protected":false},"excerpt":{"rendered":"<p>LA SEMAINE DU SON \/ DE WEEK VAN DE KLANK ~ Sinds 2011 stelt de Week van de Klank elk jaar een reeks evenementen voor die draaien rond klank en geluid, een \u201conzichtbaar\u201d maar wezenlijk onderdeel van ons leven. Het doel is het publiek een betere kennis van geluid bij te brengen en alle betrokkenen [&hellip;]<\/p>\n","protected":false},"author":1,"featured_media":0,"parent":0,"menu_order":0,"comment_status":"closed","ping_status":"closed","template":"elementor_header_footer","meta":{"_acf_changed":false,"footnotes":""},"class_list":["post-5759","page","type-page","status-publish","hentry"],"acf":[],"_links":{"self":[{"href":"https:\/\/www.lasemaineduson.be\/nl\/wp-json\/wp\/v2\/pages\/5759","targetHints":{"allow":["GET"]}}],"collection":[{"href":"https:\/\/www.lasemaineduson.be\/nl\/wp-json\/wp\/v2\/pages"}],"about":[{"href":"https:\/\/www.lasemaineduson.be\/nl\/wp-json\/wp\/v2\/types\/page"}],"author":[{"embeddable":true,"href":"https:\/\/www.lasemaineduson.be\/nl\/wp-json\/wp\/v2\/users\/1"}],"replies":[{"embeddable":true,"href":"https:\/\/www.lasemaineduson.be\/nl\/wp-json\/wp\/v2\/comments?post=5759"}],"version-history":[{"count":30,"href":"https:\/\/www.lasemaineduson.be\/nl\/wp-json\/wp\/v2\/pages\/5759\/revisions"}],"predecessor-version":[{"id":12349,"href":"https:\/\/www.lasemaineduson.be\/nl\/wp-json\/wp\/v2\/pages\/5759\/revisions\/12349"}],"wp:attachment":[{"href":"https:\/\/www.lasemaineduson.be\/nl\/wp-json\/wp\/v2\/media?parent=5759"}],"curies":[{"name":"wp","href":"https:\/\/api.w.org\/{rel}","templated":true}]}}